{"id":17,"date":"2019-06-25T08:31:20","date_gmt":"2019-06-25T08:31:20","guid":{"rendered":"https:\/\/themes.themeenergy.com\/bookyourtravel\/beach-resort\/?page_id=17"},"modified":"2022-05-26T10:28:02","modified_gmt":"2022-05-26T10:28:02","slug":"home-beach-resort","status":"publish","type":"page","link":"https:\/\/kasifcocuklar.com\/","title":{"rendered":"Anasayfa"},"content":{"rendered":"<p>[vc_row full_width=&#8221;stretch_row&#8221; css=&#8221;.vc_custom_1561460431620{padding-top: 85px !important;padding-bottom: 90px !important;background: #fae6da url(https:\/\/themes.themeenergy.com\/bookyourtravel\/beach-resort\/wp-content\/sample_media\/sites\/28\/2019\/06\/bg-topright1.jpg?id=64) !important;background-position: 0 0 !important;background-repeat: no-repeat !important;}&#8221; el_class=&#8221;bg-top-right&#8221;][vc_column][vc_row_inner css=&#8221;.vc_custom_1561457171604{padding-bottom: 30px !important;}&#8221;][vc_column_inner][vc_custom_heading text=&#8221;Macera Dolu Do\u011fa Kamplar\u0131m\u0131z&#8221; font_container=&#8221;tag:h2|font_size:72px|text_align:left|line_height:1&#8243; use_theme_fonts=&#8221;yes&#8221; css_animation=&#8221;appear&#8221; css=&#8221;.vc_custom_1652177092424{margin-bottom: 0px !important;padding-bottom: 0px !important;}&#8221;][\/vc_column_inner][\/vc_row_inner][vc_row_inner][vc_column_inner]<div class=\"widget widget-sidebar \"><div class=\"s-title\"><h2><\/h2><\/div><div class=\"deals\"><div class=\"row\"><article data-tour-id=\"904\" class=\"tour_item one-fourth \"><div><a href=\"https:\/\/kasifcocuklar.com\/index.php\/geziler\/kasif-cocuklar-dogayi-kesfedelim-aile-kampi\/\" target=\"_blank\"  title=\"Bal At\u00f6lyesi ve Spor Aile Kamp\u0131 &#8211; Do\u011fay\u0131 Ke\u015ffediyoruz 1\"><figure><img loading=\"lazy\" decoding=\"async\" width=\"400\" height=\"300\" src=\"https:\/\/kasifcocuklar.com\/wp-content\/uploads\/2022\/05\/Bal-Atolyesi-ve-Spor-Aile-Kampi3-400x300.jpg\" class=\"attachment-thumbnail size-thumbnail wp-post-image\" alt=\"\" title=\"Bal At\u00f6lyesi ve Spor Aile Kamp\u0131(3)\" \/><\/figure><\/a><div class=\"details hide-rating hide-price hide-address \"><div class='item-header'><h3><a href=\"https:\/\/kasifcocuklar.com\/index.php\/geziler\/kasif-cocuklar-dogayi-kesfedelim-aile-kampi\/\" target=\"_blank\"  title=\"Bal At\u00f6lyesi ve Spor Aile Kamp\u0131 &#8211; Do\u011fay\u0131 Ke\u015ffediyoruz 1\">Bal At\u00f6lyesi ve Spor Aile Kamp\u0131 &#8211; Do\u011fay\u0131 Ke\u015ffediyoruz 1<\/a><\/h3><\/div><div class='description'><p><i class=\"material-icons\">query_builder<\/i> 3 Gece - 4 G\u00fcn<\/p>\n<p><i class=\"material-icons\">how_to_reg<\/i> Gezi Lideri<\/p>\n<p><i class=\"material-icons\">directions_run<\/i> H\u0131zl\u0131 Rezervasyon<\/p>\n<\/div><div class='actions'><a href='https:\/\/kasifcocuklar.com\/index.php\/geziler\/kasif-cocuklar-dogayi-kesfedelim-aile-kampi\/' class='gradient-button edit-entity'  target='_blank'  data-id='904'  title='Rezervasyon Yap'>Rezervasyon Yap<\/a><\/div><\/div><!--\/\/details--><a href=\"https:\/\/kasifcocuklar.com\/index.php\/geziler\/kasif-cocuklar-dogayi-kesfedelim-aile-kampi\/\" class=\"overlay-link\"><\/a><\/div><\/article><!--\/\/tour_item--><article data-tour-id=\"757\" class=\"tour_item one-fourth \"><div><a href=\"https:\/\/kasifcocuklar.com\/index.php\/geziler\/milas-uyku-vadisi-kampi\/\" target=\"_blank\"  title=\"Milas Uyku Vadisi Kamp\u0131\"><figure><img loading=\"lazy\" decoding=\"async\" width=\"400\" height=\"300\" src=\"https:\/\/kasifcocuklar.com\/wp-content\/uploads\/2022\/05\/MILAS-\u2013-UYKU-VADISI-KAMPI-400x300.jpg\" class=\"attachment-thumbnail size-thumbnail wp-post-image\" alt=\"\" title=\"M\u0130LAS \u2013 UYKU VAD\u0130S\u0130 KAMPI\" \/><\/figure><\/a><div class=\"details hide-rating hide-price hide-address \"><div class='item-header'><h3><a href=\"https:\/\/kasifcocuklar.com\/index.php\/geziler\/milas-uyku-vadisi-kampi\/\" target=\"_blank\"  title=\"Milas Uyku Vadisi Kamp\u0131\">Milas Uyku Vadisi Kamp\u0131<\/a><\/h3><\/div><div class='description'><p><i class=\"material-icons\">query_builder<\/i> 2 Gece - 3 G\u00fcn<\/p>\n<p><i class=\"material-icons\">how_to_reg<\/i> Gezi Lideri<\/p>\n<p><i class=\"material-icons\">directions_run<\/i> H\u0131zl\u0131 Rezervasyon<\/p>\n<\/div><div class='actions'><a href='https:\/\/kasifcocuklar.com\/index.php\/geziler\/milas-uyku-vadisi-kampi\/' class='gradient-button edit-entity'  target='_blank'  data-id='757'  title='Rezervasyon Yap'>Rezervasyon Yap<\/a><\/div><\/div><!--\/\/details--><a href=\"https:\/\/kasifcocuklar.com\/index.php\/geziler\/milas-uyku-vadisi-kampi\/\" class=\"overlay-link\"><\/a><\/div><\/article><!--\/\/tour_item--><article data-tour-id=\"853\" class=\"tour_item one-fourth \"><div><a href=\"https:\/\/kasifcocuklar.com\/index.php\/geziler\/bafa-golu-doga-kampi\/\" target=\"_blank\"  title=\"Ka\u015fif \u00c7ocuklar \u2013 Bafa G\u00f6l\u00fc Do\u011fa Kamp\u0131\"><figure><img loading=\"lazy\" decoding=\"async\" width=\"400\" height=\"300\" src=\"https:\/\/kasifcocuklar.com\/wp-content\/uploads\/2022\/05\/BAFA-GOLU-400x300.jpg\" class=\"attachment-thumbnail size-thumbnail wp-post-image\" alt=\"\" title=\"BAFA G\u00d6L\u00dc\" \/><\/figure><\/a><div class=\"details hide-rating hide-price hide-address \"><div class='item-header'><h3><a href=\"https:\/\/kasifcocuklar.com\/index.php\/geziler\/bafa-golu-doga-kampi\/\" target=\"_blank\"  title=\"Ka\u015fif \u00c7ocuklar \u2013 Bafa G\u00f6l\u00fc Do\u011fa Kamp\u0131\">Ka\u015fif \u00c7ocuklar \u2013 Bafa G\u00f6l\u00fc Do\u011fa Kamp\u0131<\/a><\/h3><\/div><div class='description'><p><i class=\"material-icons\">query_builder<\/i> 2 Gece - 3 G\u00fcn<\/p>\n<p><i class=\"material-icons\">how_to_reg<\/i> Gezi Lideri<\/p>\n<p><i class=\"material-icons\">directions_run<\/i> H\u0131zl\u0131 Rezervasyon<\/p>\n<\/div><div class='actions'><a href='https:\/\/kasifcocuklar.com\/index.php\/geziler\/bafa-golu-doga-kampi\/' class='gradient-button edit-entity'  target='_blank'  data-id='853'  title='Rezervasyon Yap'>Rezervasyon Yap<\/a><\/div><\/div><!--\/\/details--><a href=\"https:\/\/kasifcocuklar.com\/index.php\/geziler\/bafa-golu-doga-kampi\/\" class=\"overlay-link\"><\/a><\/div><\/article><!--\/\/tour_item--><article data-tour-id=\"938\" class=\"tour_item one-fourth \"><div><a href=\"https:\/\/kasifcocuklar.com\/index.php\/geziler\/tunus-col-safarisi-ve-su-sporlari-aile-tatili\/\" target=\"_blank\"  title=\"Tunus \u00c7ol Safarisi ve Su Sporlar\u0131 Aile Tatili\"><figure><img loading=\"lazy\" decoding=\"async\" width=\"400\" height=\"300\" src=\"https:\/\/kasifcocuklar.com\/wp-content\/uploads\/2022\/05\/JEEP-SAFARI1-400x300.jpg\" class=\"attachment-thumbnail size-thumbnail wp-post-image\" alt=\"\" title=\"JEEP SAFARI(1)\" \/><\/figure><\/a><div class=\"details hide-rating hide-price hide-address \"><div class='item-header'><h3><a href=\"https:\/\/kasifcocuklar.com\/index.php\/geziler\/tunus-col-safarisi-ve-su-sporlari-aile-tatili\/\" target=\"_blank\"  title=\"Tunus \u00c7ol Safarisi ve Su Sporlar\u0131 Aile Tatili\">Tunus \u00c7ol Safarisi ve Su Sporlar\u0131 Aile Tatili<\/a><\/h3><\/div><div class='description'><p><i class=\"material-icons\">query_builder<\/i> 5 Gece - 6 G\u00fcn<\/p>\n<p><i class=\"material-icons\">how_to_reg<\/i> Gezi Lideri<\/p>\n<p><i class=\"material-icons\">directions_run<\/i> H\u0131zl\u0131 Rezervasyon<\/p>\n<\/div><div class='actions'><a href='https:\/\/kasifcocuklar.com\/index.php\/geziler\/tunus-col-safarisi-ve-su-sporlari-aile-tatili\/' class='gradient-button edit-entity'  target='_blank'  data-id='938'  title='Rezervasyon Yap'>Rezervasyon Yap<\/a><\/div><\/div><!--\/\/details--><a href=\"https:\/\/kasifcocuklar.com\/index.php\/geziler\/tunus-col-safarisi-ve-su-sporlari-aile-tatili\/\" class=\"overlay-link\"><\/a><\/div><\/article><!--\/\/tour_item--><\/div><!--row--><\/div><!--deals--><\/div>[\/vc_column_inner][\/vc_row_inner][\/vc_column][\/vc_row][vc_row full_width=&#8221;stretch_row&#8221; css=&#8221;.vc_custom_1561460455558{padding-top: 85px !important;padding-bottom: 90px !important;background: #fafafa url(https:\/\/themes.themeenergy.com\/bookyourtravel\/beach-resort\/wp-content\/sample_media\/sites\/28\/2019\/06\/bg-topcenter.jpg?id=53) !important;background-position: 0 0 !important;background-repeat: no-repeat !important;}&#8221; el_class=&#8221;bg-top-center&#8221;][vc_column][vc_row_inner css=&#8221;.vc_custom_1647794834844{padding-bottom: 40px !important;}&#8221;][vc_column_inner][vc_custom_heading text=&#8221;Aktiviteler&#8221; font_container=&#8221;tag:h2|font_size:72px|text_align:left|line_height:1&#8243; use_theme_fonts=&#8221;yes&#8221; css_animation=&#8221;appear&#8221; css=&#8221;.vc_custom_1642948252266{margin-bottom: 0px !important;padding-bottom: 0px !important;}&#8221;][vc_custom_heading text=&#8221;Turlar\u0131m\u0131zda Bulunan Aktiviteler&#8221; font_container=&#8221;tag:h3|font_size:33px|text_align:left|color:%2300c0ae|line_height:1&#8243; google_fonts=&#8221;font_family:Yellowtail%3Aregular|font_style:400%20regular%3A400%3Anormal&#8221; css_animation=&#8221;bounceInLeft&#8221;][vc_custom_heading text=&#8221;*Aktiviteler Turlar\u0131m\u0131za G\u00f6re De\u011fi\u015fiklik G\u00f6stermektedir&#8221; font_container=&#8221;tag:p|font_size:18px|text_align:left|color:%23000000|line_height:1&#8243; google_fonts=&#8221;font_family:Dosis%3A200%2C300%2Cregular%2C500%2C600%2C700%2C800|font_style:400%20regular%3A400%3Anormal&#8221; css_animation=&#8221;bounceInLeft&#8221;][\/vc_column_inner][\/vc_row_inner][vc_row_inner gap=&#8221;30&#8243;][vc_column_inner width=&#8221;1\/2&#8243;][vc_single_image image=&#8221;397&#8243; img_size=&#8221;full&#8221; alignment=&#8221;center&#8221; onclick=&#8221;custom_link&#8221; css=&#8221;.vc_custom_1643107316428{margin-bottom: 0px !important;}&#8221;][vc_custom_heading text=&#8221;Ok\u00e7uluk&#8221; font_container=&#8221;tag:h3|font_size:33px|text_align:left|color:%23000000|line_height:1&#8243; use_theme_fonts=&#8221;yes&#8221; css=&#8221;.vc_custom_1647793093487{margin-top: -40px !important;padding-left: 30px !important;background-color: #ffffff !important;}&#8221;][\/vc_column_inner][vc_column_inner width=&#8221;1\/2&#8243;][vc_single_image image=&#8221;400&#8243; img_size=&#8221;full&#8221; alignment=&#8221;center&#8221; onclick=&#8221;custom_link&#8221; css=&#8221;.vc_custom_1643107322336{margin-bottom: 0px !important;}&#8221;][vc_custom_heading text=&#8221;Binicilik&#8221; font_container=&#8221;tag:h3|font_size:33px|text_align:left|color:%23000000|line_height:1&#8243; use_theme_fonts=&#8221;yes&#8221; css=&#8221;.vc_custom_1647793076883{margin-top: -40px !important;padding-left: 30px !important;background-color: #ffffff !important;}&#8221;][vc_single_image image=&#8221;390&#8243; img_size=&#8221;full&#8221; alignment=&#8221;center&#8221; onclick=&#8221;custom_link&#8221; css=&#8221;.vc_custom_1643107708565{margin-bottom: 0px !important;padding-top: 25px !important;}&#8221;][vc_custom_heading text=&#8221;Trekking&#8221; font_container=&#8221;tag:h3|font_size:33px|text_align:left|color:%23000000|line_height:1&#8243; use_theme_fonts=&#8221;yes&#8221; css=&#8221;.vc_custom_1647793062410{margin-top: -40px !important;padding-left: 30px !important;background-color: #ffffff !important;}&#8221;][\/vc_column_inner][\/vc_row_inner][\/vc_column][\/vc_row][vc_row full_width=&#8221;stretch_row&#8221; disable_element=&#8221;yes&#8221; css=&#8221;.vc_custom_1651820168358{padding-top: 85px !important;padding-bottom: 90px !important;background: #fae6da url(https:\/\/themes.themeenergy.com\/bookyourtravel\/beach-resort\/wp-content\/sample_media\/sites\/28\/2019\/06\/bg-topright2.jpg?id=62) !important;background-position: 0 0 !important;background-repeat: no-repeat !important;}&#8221; el_class=&#8221;bg-top-right&#8221;][vc_column][vc_row_inner css=&#8221;.vc_custom_1561460993983{padding-bottom: 30px !important;}&#8221;][vc_column_inner][vc_custom_heading text=&#8221;Tesis Bilgileri&#8221; font_container=&#8221;tag:h2|font_size:72px|text_align:left|line_height:1&#8243; use_theme_fonts=&#8221;yes&#8221; css_animation=&#8221;appear&#8221; css=&#8221;.vc_custom_1642949915407{margin-bottom: 0px !important;padding-bottom: 0px !important;}&#8221;][vc_custom_heading text=&#8221;Birlikte \u00c7al\u0131\u015ft\u0131\u011f\u0131m\u0131z Tesislerin Listesi&#8221; font_container=&#8221;tag:h3|font_size:33px|text_align:left|color:%23fa8b5c|line_height:1&#8243; google_fonts=&#8221;font_family:Yellowtail%3Aregular|font_style:400%20regular%3A400%3Anormal&#8221; css_animation=&#8221;bounceInLeft&#8221;][\/vc_column_inner][\/vc_row_inner][vc_row_inner gap=&#8221;30&#8243;][vc_column_inner width=&#8221;1\/2&#8243;][vc_single_image image=&#8221;412&#8243; img_size=&#8221;full&#8221; alignment=&#8221;center&#8221; onclick=&#8221;custom_link&#8221; css=&#8221;.vc_custom_1643107345154{margin-bottom: 0px !important;padding-top: 60px !important;}&#8221;][vc_custom_heading text=&#8221;Cansu Tesisleri&#8221; font_container=&#8221;tag:h4|font_size:25px|text_align:left|line_height:1&#8243; use_theme_fonts=&#8221;yes&#8221; css=&#8221;.vc_custom_1643107620370{padding-top: 30px !important;padding-left: 30px !important;}&#8221;][vc_column_text css=&#8221;.vc_custom_1643107129567{padding-top: 10px !important;padding-left: 30px !important;}&#8221;]<\/p>\n<div class=\"konaklama_metin\">Cansu tesisleri b\u00fcnyesinde d\u00f6rt mevsim hizmet veren otelimizde , konuklar\u0131m\u0131za \u00fc\u00e7 tip konaklama alternatifi sunuyoruz.<\/div>\n<div class=\"odalar_div\"><\/div>\n<ul>\n<li>Standart Oda<\/li>\n<li>Suit Oda<\/li>\n<li>Bungalov Evleri<\/li>\n<\/ul>\n<p><em>Yapman\u0131z gereken tek \u015fey, kendinize uygun konaklama tipini se\u00e7mek;<\/em>[\/vc_column_text][\/vc_column_inner][vc_column_inner width=&#8221;1\/2&#8243;][vc_single_image image=&#8221;404&#8243; img_size=&#8221;full&#8221; alignment=&#8221;center&#8221; onclick=&#8221;custom_link&#8221; link=&#8221;#&#8221; css=&#8221;.vc_custom_1643098619664{margin-bottom: 0px !important;}&#8221;][\/vc_column_inner][\/vc_row_inner][\/vc_column][\/vc_row][vc_row full_width=&#8221;stretch_row_content&#8221; css=&#8221;.vc_custom_1643100296420{padding-top: 85px !important;padding-bottom: 90px !important;background: #fafafa url(https:\/\/themes.themeenergy.com\/bookyourtravel\/beach-resort\/wp-content\/sample_media\/sites\/28\/2019\/06\/bg-topcenter2.jpg?id=69) !important;background-position: 0 0 !important;background-repeat: no-repeat !important;}&#8221; el_class=&#8221;bg-top-center&#8221;][vc_column][vc_row_inner css=&#8221;.vc_custom_1643100346851{padding-bottom: 90px !important;}&#8221; el_id=&#8221;galleryheadery&#8221;][vc_column_inner][vc_custom_heading text=&#8221;Galerimiz&#8221; font_container=&#8221;tag:h2|font_size:72px|text_align:left|line_height:1&#8243; use_theme_fonts=&#8221;yes&#8221; css_animation=&#8221;appear&#8221; css=&#8221;.vc_custom_1643099176219{margin-bottom: 0px !important;padding-bottom: 0px !important;}&#8221;][vc_custom_heading text=&#8221;Hepsinde Ka\u00e7\u0131r\u0131lmaz Maceralar&#8221; font_container=&#8221;tag:h3|font_size:33px|text_align:left|color:%23ff5993|line_height:1&#8243; google_fonts=&#8221;font_family:Yellowtail%3Aregular|font_style:400%20regular%3A400%3Anormal&#8221; css_animation=&#8221;bounceInLeft&#8221;][\/vc_column_inner][\/vc_row_inner][vc_row_inner][vc_column_inner][vc_raw_html]JTVCZm9vZ2FsbGVyeSUyMGlkJTNEJTIyNDI0JTIyJTVE[\/vc_raw_html][\/vc_column_inner][\/vc_row_inner][\/vc_column][\/vc_row][vc_row full_width=&#8221;stretch_row&#8221; css=&#8221;.vc_custom_1561539397342{padding-top: 85px !important;padding-bottom: 90px !important;background: #fafafa url(https:\/\/themes.themeenergy.com\/bookyourtravel\/beach-resort\/wp-content\/sample_media\/sites\/28\/2019\/06\/bg-left.jpg?id=100) !important;background-position: 0 0 !important;background-repeat: no-repeat !important;}&#8221;][vc_column][vc_row_inner css=&#8221;.vc_custom_1561459145214{padding-bottom: 90px !important;}&#8221;][vc_column_inner][vc_custom_heading text=&#8221;Blogumuz&#8221; font_container=&#8221;tag:h2|font_size:72px|text_align:left|line_height:1&#8243; use_theme_fonts=&#8221;yes&#8221; css_animation=&#8221;appear&#8221; css=&#8221;.vc_custom_1651820133543{margin-bottom: 0px !important;padding-bottom: 0px !important;}&#8221;][vc_custom_heading text=&#8221;Bizden Son Haberler&#8221; font_container=&#8221;tag:h3|font_size:33px|text_align:left|color:%23ffc100|line_height:1&#8243; google_fonts=&#8221;font_family:Yellowtail%3Aregular|font_style:400%20regular%3A400%3Anormal&#8221; css_animation=&#8221;bounceInLeft&#8221;][\/vc_column_inner][\/vc_row_inner][vc_row_inner gap=&#8221;30&#8243;][vc_column_inner]<div class=\"widget widget-sidebar \">\t\t\t<div class=\"s-title\">\n\t\t\t<h2><\/h2>\t\t\t<\/div> <div class=\"offers\"><div class=\"row\"><article class=\"post_item one-third\"><div><a href=\"https:\/\/kasifcocuklar.com\/index.php\/2019\/06\/25\/hello-world-2\/\" title=\"K\u0131\u015f Sezonu Gezi Planlar\u0131m\u0131z!\"><figure><img loading=\"lazy\" decoding=\"async\" width=\"400\" height=\"300\" src=\"https:\/\/kasifcocuklar.com\/wp-content\/uploads\/2022\/01\/Kasif-Cocuklar-Hobbit-ev-Gezi-400x300.jpg\" class=\"attachment-thumbnail size-thumbnail wp-post-image\" alt=\"\" title=\"Ka\u015fif \u00c7ocuklar Hobbit ev Gezi\" \/><\/figure><\/a><div class=\"details \"><div class='item-header'><h3><a href=\"https:\/\/kasifcocuklar.com\/index.php\/2019\/06\/25\/hello-world-2\/\" title=\"K\u0131\u015f Sezonu Gezi Planlar\u0131m\u0131z!\">K\u0131\u015f Sezonu Gezi Planlar\u0131m\u0131z!<\/a><\/h3><\/div><div class='description'>Kazda\u011f\u0131 Gezimizde Ge\u00e7irdi\u011fimiz muhte\u015fem anlardan birka\u00e7 kare:<\/div><div class=\"actions\"><a href=\"https:\/\/kasifcocuklar.com\/index.php\/2019\/06\/25\/hello-world-2\/\" title=\"Devam\u0131n\u0131 Oku\" class=\" gradient-button\">Devam\u0131n\u0131 Oku<\/a><\/div><\/div><\/article><!--\/\/post_item--><article class=\"post_item one-third\"><div><a href=\"https:\/\/kasifcocuklar.com\/index.php\/2022\/01\/15\/kazdagi-gezimizden-goruntuler\/\" title=\"Kazda\u011f\u0131 Gezimizden G\u00f6r\u00fcnt\u00fcler\"><figure><img loading=\"lazy\" decoding=\"async\" width=\"400\" height=\"300\" src=\"https:\/\/kasifcocuklar.com\/wp-content\/uploads\/2022\/01\/Kasif-Cocuklar-gezi-400x300.jpg\" class=\"attachment-thumbnail size-thumbnail wp-post-image\" alt=\"\" title=\"Ka\u015fif \u00c7ocuklar gezi\" \/><\/figure><\/a><div class=\"details \"><div class='item-header'><h3><a href=\"https:\/\/kasifcocuklar.com\/index.php\/2022\/01\/15\/kazdagi-gezimizden-goruntuler\/\" title=\"Kazda\u011f\u0131 Gezimizden G\u00f6r\u00fcnt\u00fcler\">Kazda\u011f\u0131 Gezimizden G\u00f6r\u00fcnt\u00fcler<\/a><\/h3><\/div><div class='description'>Kazda\u011f\u0131 Gezimizde Ge\u00e7irdi\u011fimiz muhte\u015fem anlardan birka\u00e7 kare:<\/div><div class=\"actions\"><a href=\"https:\/\/kasifcocuklar.com\/index.php\/2022\/01\/15\/kazdagi-gezimizden-goruntuler\/\" title=\"Devam\u0131n\u0131 Oku\" class=\" gradient-button\">Devam\u0131n\u0131 Oku<\/a><\/div><\/div><\/article><!--\/\/post_item--><article class=\"post_item one-third\"><div><a href=\"https:\/\/kasifcocuklar.com\/index.php\/2022\/01\/25\/bolu-gezimizden-goruntuler\/\" title=\"Bolu Gezimizden G\u00f6r\u00fcnt\u00fcler\"><figure><img loading=\"lazy\" decoding=\"async\" width=\"400\" height=\"300\" src=\"https:\/\/kasifcocuklar.com\/wp-content\/uploads\/2022\/01\/Kasif-Cocuklar-400x300.jpg\" class=\"attachment-thumbnail size-thumbnail wp-post-image\" alt=\"\" title=\"Ka\u015fif \u00c7ocuklar\" srcset=\"https:\/\/kasifcocuklar.com\/wp-content\/uploads\/2022\/01\/Kasif-Cocuklar-400x300.jpg 400w, https:\/\/kasifcocuklar.com\/wp-content\/uploads\/2022\/01\/Kasif-Cocuklar-300x225.jpg 300w, https:\/\/kasifcocuklar.com\/wp-content\/uploads\/2022\/01\/Kasif-Cocuklar-1024x768.jpg 1024w, https:\/\/kasifcocuklar.com\/wp-content\/uploads\/2022\/01\/Kasif-Cocuklar-768x576.jpg 768w, https:\/\/kasifcocuklar.com\/wp-content\/uploads\/2022\/01\/Kasif-Cocuklar-1536x1152.jpg 1536w, https:\/\/kasifcocuklar.com\/wp-content\/uploads\/2022\/01\/Kasif-Cocuklar-600x450.jpg 600w, https:\/\/kasifcocuklar.com\/wp-content\/uploads\/2022\/01\/Kasif-Cocuklar.jpg 1820w\" sizes=\"auto, (max-width: 400px) 100vw, 400px\" \/><\/figure><\/a><div class=\"details \"><div class='item-header'><h3><a href=\"https:\/\/kasifcocuklar.com\/index.php\/2022\/01\/25\/bolu-gezimizden-goruntuler\/\" title=\"Bolu Gezimizden G\u00f6r\u00fcnt\u00fcler\">Bolu Gezimizden G\u00f6r\u00fcnt\u00fcler<\/a><\/h3><\/div><div class='description'>Kazda\u011f\u0131 Gezimizde Ge\u00e7irdi\u011fimiz muhte\u015fem anlardan birka\u00e7 kare:<\/div><div class=\"actions\"><a href=\"https:\/\/kasifcocuklar.com\/index.php\/2022\/01\/25\/bolu-gezimizden-goruntuler\/\" title=\"Devam\u0131n\u0131 Oku\" class=\" gradient-button\">Devam\u0131n\u0131 Oku<\/a><\/div><\/div><\/article><!--\/\/post_item--><\/div><!--row--><\/div><!--offers--><\/div>[\/vc_column_inner][\/vc_row_inner][\/vc_column][\/vc_row]<\/p>\n","protected":false},"excerpt":{"rendered":"<p>[vc_row full_width=&#8221;stretch_row&#8221; css=&#8221;.vc_custom_1561460431620{padding-top: 85px !important;padding-bottom: 90px !important;background: #fae6da url(https:\/\/themes.themeenergy.com\/bookyourtravel\/beach-resort\/wp-content\/sample_media\/sites\/28\/2019\/06\/bg-topright1.jpg?id=64) !important;background-position: 0 0 !important;background-repeat: no-repeat !important;}&#8221; el_class=&#8221;bg-top-right&#8221;][vc_column][vc_row_inner css=&#8221;.vc_custom_1561457171604{padding-bottom: 30px !important;}&#8221;][vc_column_inner][vc_custom_heading text=&#8221;Macera Dolu Do\u011fa Kamplar\u0131m\u0131z&#8221; font_container=&#8221;tag:h2|font_size:72px|text_align:left|line_height:1&#8243; use_theme_fonts=&#8221;yes&#8221; css_animation=&#8221;appear&#8221; css=&#8221;.vc_custom_1652177092424{margin-bottom: 0px !important;padding-bottom: 0px !important;}&#8221;][\/vc_column_inner][\/vc_row_inner][vc_row_inner][vc_column_inner][\/vc_column_inner][\/vc_row_inner][\/vc_column][\/vc_row][vc_row full_width=&#8221;stretch_row&#8221; css=&#8221;.vc_custom_1561460455558{padding-top: 85px !important;padding-bottom: 90px !important;background: #fafafa url(https:\/\/themes.themeenergy.com\/bookyourtravel\/beach-resort\/wp-content\/sample_media\/sites\/28\/2019\/06\/bg-topcenter.jpg?id=53) !important;background-position: 0 0 !important;background-repeat: no-repeat !important;}&#8221; el_class=&#8221;bg-top-center&#8221;][vc_column][vc_row_inner css=&#8221;.vc_custom_1647794834844{padding-bottom: 40px !important;}&#8221;][vc_column_inner][vc_custom_heading text=&#8221;Aktiviteler&#8221; font_container=&#8221;tag:h2|font_size:72px|text_align:left|line_height:1&#8243; use_theme_fonts=&#8221;yes&#8221; css_animation=&#8221;appear&#8221; css=&#8221;.vc_custom_1642948252266{margin-bottom: 0px [&hellip;]<\/p>\n","protected":false},"author":1,"featured_media":0,"parent":0,"menu_order":0,"comment_status":"closed","ping_status":"closed","template":"page-blank.php","meta":{"_mi_skip_tracking":false,"footnotes":""},"class_list":["post-17","page","type-page","status-publish","hentry"],"acf":[],"_links":{"self":[{"href":"https:\/\/kasifcocuklar.com\/index.php\/wp-json\/wp\/v2\/pages\/17","targetHints":{"allow":["GET"]}}],"collection":[{"href":"https:\/\/kasifcocuklar.com\/index.php\/wp-json\/wp\/v2\/pages"}],"about":[{"href":"https:\/\/kasifcocuklar.com\/index.php\/wp-json\/wp\/v2\/types\/page"}],"author":[{"embeddable":true,"href":"https:\/\/kasifcocuklar.com\/index.php\/wp-json\/wp\/v2\/users\/1"}],"replies":[{"embeddable":true,"href":"https:\/\/kasifcocuklar.com\/index.php\/wp-json\/wp\/v2\/comments?post=17"}],"version-history":[{"count":37,"href":"https:\/\/kasifcocuklar.com\/index.php\/wp-json\/wp\/v2\/pages\/17\/revisions"}],"predecessor-version":[{"id":1087,"href":"https:\/\/kasifcocuklar.com\/index.php\/wp-json\/wp\/v2\/pages\/17\/revisions\/1087"}],"wp:attachment":[{"href":"https:\/\/kasifcocuklar.com\/index.php\/wp-json\/wp\/v2\/media?parent=17"}],"curies":[{"name":"wp","href":"https:\/\/api.w.org\/{rel}","templated":true}]}}